{"id":207,"date":"2017-10-31T15:28:38","date_gmt":"2017-10-31T14:28:38","guid":{"rendered":"https:\/\/www.ndieurope.com\/?page_id=207"},"modified":"2021-10-14T11:22:04","modified_gmt":"2021-10-14T09:22:04","slug":"haftungsausschluss","status":"publish","type":"page","link":"https:\/\/www.ndieurope.com\/de\/rechtliches\/haftungsausschluss\/","title":{"rendered":"Haftungsausschluss"},"content":{"rendered":"<p><strong>Haftung f\u00fcr Inhalte<\/strong><\/p>\n<p>Die Inhalte der Webseite von NDI Europe GmbH wurden mit gr\u00f6\u00dfter Sorgfalt erstellt. F\u00fcr die Richtigkeit, Vollst\u00e4ndigkeit und Aktualit\u00e4t der Inhalte k\u00f6nnen wir jedoch keine Gew\u00e4hr \u00fcbernehmen. Gleiches gilt auch f\u00fcr Daten zum Download.<br \/>\nAls Diensteanbieter sind wir gem\u00e4\u00df \u00a7 7 Abs.1 TMG f\u00fcr eigene Inhalte auf diesen Seiten nach den allgemeinen Gesetzen verantwortlich. Nach \u00a7\u00a7 8 bis 10 TMG sind wir als Diensteanbieter jedoch nicht verpflichtet, \u00fcbermittelte oder gespeicherte fremde Informationen zu \u00fcberwachen oder nach Umst\u00e4nden zu forschen, die auf eine rechtswidrige T\u00e4tigkeit hinweisen. Verpflichtungen zur Entfernung oder Sperrung der Nutzung von Informationen nach den allgemeinen Gesetzen bleiben hiervon unber\u00fchrt. Eine diesbez\u00fcgliche Haftung ist jedoch erst ab dem Zeitpunkt der Kenntnis einer konkreten Rechtsverletzung m\u00f6glich. Bei Bekanntwerden von entsprechenden Rechtsverletzungen werden wir diese Inhalte umgehend entfernen.<\/p>\n<p><strong>Haftung f\u00fcr Links<\/strong><\/p>\n<p>Unser Angebot enth\u00e4lt Links zu externen Webseiten Dritter, auf deren Inhalte wir keinen Einfluss haben. Deshalb k\u00f6nnen wir f\u00fcr diese fremden Inhalte auch keine Gew\u00e4hr \u00fcbernehmen. F\u00fcr die Inhalte der verlinkten Seiten ist stets der jeweilige Anbieter oder Betreiber der Seiten verantwortlich. Die verlinkten Seiten wurden zum Zeitpunkt der Verlinkung auf m\u00f6gliche Rechtsverst\u00f6\u00dfe \u00fcberpr\u00fcft. Rechtswidrige Inhalte waren zum Zeitpunkt der Verlinkung nicht erkennbar. Eine permanente inhaltliche Kontrolle der verlinkten Seiten ist jedoch ohne konkrete Anhaltspunkte einer Rechtsverletzung nicht zumutbar. Bei Bekanntwerden von Rechtsverletzungen werden wir derartige Links umgehend entfernen.<\/p>\n<p><strong>Urheberrecht<\/strong><\/p>\n<p>Die durch die Seitenbetreiber erstellten Inhalte und Werke auf diesen Seiten unterliegen dem deutschen Urheberrecht. Die Vervielf\u00e4ltigung, Bearbeitung, Verbreitung und jede Art der Verwertung au\u00dferhalb der Grenzen des Urheberrechtes bed\u00fcrfen der schriftlichen Zustimmung des jeweiligen Autors bzw. Erstellers. Downloads und Kopien dieser Seite sind nur f\u00fcr den privaten, nicht kommerziellen Gebrauch gestattet. Soweit die Inhalte auf dieser Seite nicht vom Betreiber erstellt wurden, werden die Urheberrechte Dritter beachtet. Insbesondere werden Inhalte Dritter als solche gekennzeichnet. Sollten Sie trotzdem auf eine Urheberrechtsverletzung aufmerksam werden, bitten wir um einen entsprechenden Hinweis. Bei Bekanntwerden von Rechtsverletzungen werden wir derartige Inhalte umgehend entfernen.<\/p>\n<p><strong>Rechtlicher Hinweis zur Haftung<\/strong><\/p>\n<p>Bei den Tracking- und Messprodukten von NDI handelt es sich um allgemeine messtechnische Komponenten, die in Kundenprodukte, Forschungsexperimente und\/oder als Komponenten medizinischer Ger\u00e4te, die Pr\u00e4zisionsmessungen und Tracking erfordern, integriert werden k\u00f6nnen. NDI-Komponenten und -Technologien k\u00f6nnen zwar in medizinische Ger\u00e4te von Originalger\u00e4teherstellern (OEM) integriert werden, sind jedoch nicht speziell f\u00fcr eine bestimmte Anwendung vorgesehen und wurden als solche nicht in \u00dcbereinstimmung mit den Normen f\u00fcr medizinische Ger\u00e4te entwickelt oder hergestellt. Es liegt in der Verantwortung des OEM-Kunden oder des Endanwenders, die Eignung der NDI-Komponenten und -Technologie f\u00fcr die vorgesehene Anwendung zu bestimmen und zu testen, einschlie\u00dflich der Durchf\u00fchrung aller erforderlichen ethischen Genehmigungen, Verifizierungen und Validierungen, die zum Nachweis der Eignung und Konformit\u00e4t erforderlich sind. Die Pr\u00fcfung, Zertifizierung und Validierung auf Systemebene liegt in der Verantwortung des Originalger\u00e4teherstellers oder des jeweiligen Endanwenders und sollte vor dem Einsatz von NDI-Produkten oder -Technologien in einer Anwendung abgeschlossen werden.<\/p>\n","protected":false},"excerpt":{"rendered":"<p>Haftung f\u00fcr Inhalte Die Inhalte der Webseite von NDI Europe GmbH wurden mit gr\u00f6\u00dfter Sorgfalt erstellt. F\u00fcr die Richtigkeit, Vollst\u00e4ndigkeit und Aktualit\u00e4t der Inhalte k\u00f6nnen wir jedoch keine Gew\u00e4hr \u00fcbernehmen. Gleiches gilt auch f\u00fcr Daten zum Download. Als Diensteanbieter sind wir gem\u00e4\u00df \u00a7 7 Abs.1 TMG f\u00fcr eigene Inhalte auf diesen Seiten nach den allgemeinen [&hellip;]<\/p>\n","protected":false},"author":9,"featured_media":0,"parent":373,"menu_order":0,"comment_status":"closed","ping_status":"closed","template":"","meta":{"_et_pb_use_builder":"","_et_pb_old_content":"","_et_gb_content_width":"","footnotes":""},"aufgabenbereich":[],"class_list":["post-207","page","type-page","status-publish","hentry"],"_links":{"self":[{"href":"https:\/\/www.ndieurope.com\/de\/wp-json\/wp\/v2\/pages\/207","targetHints":{"allow":["GET"]}}],"collection":[{"href":"https:\/\/www.ndieurope.com\/de\/wp-json\/wp\/v2\/pages"}],"about":[{"href":"https:\/\/www.ndieurope.com\/de\/wp-json\/wp\/v2\/types\/page"}],"author":[{"embeddable":true,"href":"https:\/\/www.ndieurope.com\/de\/wp-json\/wp\/v2\/users\/9"}],"replies":[{"embeddable":true,"href":"https:\/\/www.ndieurope.com\/de\/wp-json\/wp\/v2\/comments?post=207"}],"version-history":[{"count":0,"href":"https:\/\/www.ndieurope.com\/de\/wp-json\/wp\/v2\/pages\/207\/revisions"}],"up":[{"embeddable":true,"href":"https:\/\/www.ndieurope.com\/de\/wp-json\/wp\/v2\/pages\/373"}],"wp:attachment":[{"href":"https:\/\/www.ndieurope.com\/de\/wp-json\/wp\/v2\/media?parent=207"}],"wp:term":[{"taxonomy":"aufgabenbereich","embeddable":true,"href":"https:\/\/www.ndieurope.com\/de\/wp-json\/wp\/v2\/aufgabenbereich?post=207"}],"curies":[{"name":"wp","href":"https:\/\/api.w.org\/{rel}","templated":true}]}}