{"id":1040,"date":"2019-03-21T16:30:50","date_gmt":"2019-03-21T15:30:50","guid":{"rendered":"https:\/\/www.ndieurope.com\/?page_id=1040"},"modified":"2021-10-11T15:36:22","modified_gmt":"2021-10-11T13:36:22","slug":"onboarding","status":"publish","type":"page","link":"https:\/\/www.ndieurope.com\/de\/karriere\/onboarding\/","title":{"rendered":"Onboarding"},"content":{"rendered":"<p>[et_pb_section fb_built=&#8220;1&#8243; fullwidth=&#8220;on&#8220; admin_label=&#8220;Slider&#8220; _builder_version=&#8220;3.22&#8243; background_color=&#8220;#f2f1f1&#8243; locked=&#8220;off&#8220; collapsed=&#8220;off&#8220; global_colors_info=&#8220;{}&#8220;][et_pb_fullwidth_slider show_pagination=&#8220;off&#8220; module_class=&#8220;ds-fw-slider&#8220; _builder_version=&#8220;3.29.3&#8243; header_text_color=&#8220;#636362&#8243; header_font_size=&#8220;36px&#8220; header_line_height=&#8220;1.6em&#8220; background_position=&#8220;top_left&#8220; custom_padding=&#8220;|||&#8220; global_colors_info=&#8220;{}&#8220; button_text_size__hover_enabled=&#8220;off&#8220; button_text_size__hover=&#8220;null&#8220; button_one_text_size__hover_enabled=&#8220;off&#8220; button_one_text_size__hover=&#8220;null&#8220; button_two_text_size__hover_enabled=&#8220;off&#8220; button_two_text_size__hover=&#8220;null&#8220; button_text_color__hover_enabled=&#8220;off&#8220; button_text_color__hover=&#8220;null&#8220; button_one_text_color__hover_enabled=&#8220;off&#8220; button_one_text_color__hover=&#8220;null&#8220; button_two_text_color__hover_enabled=&#8220;off&#8220; button_two_text_color__hover=&#8220;null&#8220; button_border_width__hover_enabled=&#8220;off&#8220; button_border_width__hover=&#8220;null&#8220; button_one_border_width__hover_enabled=&#8220;off&#8220; button_one_border_width__hover=&#8220;null&#8220; button_two_border_width__hover_enabled=&#8220;off&#8220; button_two_border_width__hover=&#8220;null&#8220; button_border_color__hover_enabled=&#8220;off&#8220; button_border_color__hover=&#8220;null&#8220; button_one_border_color__hover_enabled=&#8220;off&#8220; button_one_border_color__hover=&#8220;null&#8220; button_two_border_color__hover_enabled=&#8220;off&#8220; button_two_border_color__hover=&#8220;null&#8220; button_border_radius__hover_enabled=&#8220;off&#8220; button_border_radius__hover=&#8220;null&#8220; button_one_border_radius__hover_enabled=&#8220;off&#8220; button_one_border_radius__hover=&#8220;null&#8220; button_two_border_radius__hover_enabled=&#8220;off&#8220; button_two_border_radius__hover=&#8220;null&#8220; button_letter_spacing__hover_enabled=&#8220;on&#8220; button_letter_spacing__hover=&#8220;0&#8243; button_one_letter_spacing__hover_enabled=&#8220;off&#8220; button_one_letter_spacing__hover=&#8220;null&#8220; button_two_letter_spacing__hover_enabled=&#8220;off&#8220; button_two_letter_spacing__hover=&#8220;null&#8220; button_bg_color__hover_enabled=&#8220;off&#8220; button_bg_color__hover=&#8220;null&#8220; button_one_bg_color__hover_enabled=&#8220;off&#8220; button_one_bg_color__hover=&#8220;null&#8220; button_two_bg_color__hover_enabled=&#8220;off&#8220; button_two_bg_color__hover=&#8220;null&#8220;][et_pb_slide heading=&#8220;Onboarding &#8211; ganz einfach Teil des Teams werden&#8220; use_bg_overlay=&#8220;off&#8220; use_text_overlay=&#8220;on&#8220; text_overlay_color=&#8220;rgba(255,255,255,0.8)&#8220; text_border_radius=&#8220;0px&#8220; _builder_version=&#8220;3.29.3&#8243; header_level=&#8220;h1&#8243; header_font_size=&#8220;30&#8243; body_font=&#8220;|300|||||||&#8220; body_line_height=&#8220;1.4em&#8220; background_color=&#8220;#f2f1f1&#8243; background_image=&#8220;https:\/\/www.ndieurope.com\/wp-content\/uploads\/2019\/10\/Onboarding.jpg&#8220; background_enable_image=&#8220;on&#8220; custom_button=&#8220;on&#8220; button_text_size=&#8220;18&#8243; button_text_color=&#8220;#ffffff&#8220; button_bg_color=&#8220;#004f8b&#8220; button_border_width=&#8220;0&#8243; button_border_color=&#8220;#004f8b&#8220; button_use_icon=&#8220;on&#8220; button_on_hover=&#8220;on&#8220; text_orientation=&#8220;left&#8220; background_layout=&#8220;light&#8220; header_font_size_tablet=&#8220;26&#8243; header_font_size_phone=&#8220;22&#8243; header_font_size_last_edited=&#8220;on|phone&#8220; body_font_size_tablet=&#8220;&#8220; body_font_size_phone=&#8220;&#8220; body_font_size_last_edited=&#8220;on|phone&#8220; button_text_size_tablet=&#8220;16&#8243; button_text_size_phone=&#8220;14&#8243; button_text_size_last_edited=&#8220;on|phone&#8220; global_colors_info=&#8220;{}&#8220; sticky_transition=&#8220;on&#8220;][\/et_pb_slide][\/et_pb_fullwidth_slider][\/et_pb_section][et_pb_section fb_built=&#8220;1&#8243; custom_padding_last_edited=&#8220;on|tablet&#8220; _builder_version=&#8220;3.29.3&#8243; background_color=&#8220;#f2f1f1&#8243; custom_padding=&#8220;80px||80px||true|false&#8220; custom_padding_tablet=&#8220;40px||40px||true|false&#8220; custom_padding_phone=&#8220;&#8220; locked=&#8220;off&#8220; global_colors_info=&#8220;{}&#8220;][et_pb_row _builder_version=&#8220;3.29.3&#8243; width_tablet=&#8220;&#8220; width_phone=&#8220;&#8220; width_last_edited=&#8220;on|desktop&#8220; global_colors_info=&#8220;{}&#8220;][et_pb_column type=&#8220;4_4&#8243; _builder_version=&#8220;3.29.3&#8243; global_colors_info=&#8220;{}&#8220;][et_pb_text _builder_version=&#8220;4.7.4&#8243; text_font=&#8220;|300|||||||&#8220; max_width_tablet=&#8220;100%&#8220; max_width_phone=&#8220;&#8220; max_width_last_edited=&#8220;on|desktop&#8220; module_alignment=&#8220;center&#8220; text_font_size_tablet=&#8220;18px&#8220; text_font_size_phone=&#8220;16px&#8220; text_font_size_last_edited=&#8220;on|phone&#8220; global_colors_info=&#8220;{}&#8220;]<\/p>\n<p>Ab Ihrem ersten Tag bei uns, begleiten wir Sie mit einem durchdachten und strukturierten Onboarding-Programm und mit pers\u00f6nlichem Mentoring.<\/p>\n<p>&nbsp;<\/p>\n<p>[\/et_pb_text][et_pb_text _builder_version=&#8220;4.7.4&#8243; text_font=&#8220;|300|||||||&#8220; max_width_tablet=&#8220;100%&#8220; max_width_phone=&#8220;&#8220; max_width_last_edited=&#8220;on|desktop&#8220; module_alignment=&#8220;center&#8220; text_font_size_tablet=&#8220;18px&#8220; text_font_size_phone=&#8220;16px&#8220; text_font_size_last_edited=&#8220;on|phone&#8220; global_colors_info=&#8220;{}&#8220;]<\/p>\n<h2>Damit der Einstieg funktioniert:<\/h2>\n<p>&nbsp;<\/p>\n<h2>Welcome-Day<\/h2>\n<p>Neue Mitarbeiter*innen werden zuerst von unseren Kolleginnen aus dem HR-Bereich pers\u00f6nlich begr\u00fc\u00dft. Dabei wird der Einarbeitungsplan gemeinsam besprochen. Mit dem neuen Vorgesetzten folgt ein Rundgang durch unsere R\u00e4ume \u2013 die beste Gelegenheit die neuen Kolleg*innen kennenzulernen.<\/p>\n<p>&nbsp;<\/p>\n<p>[\/et_pb_text][et_pb_text _builder_version=&#8220;4.4.0&#8243; text_font=&#8220;|300|||||||&#8220; max_width_tablet=&#8220;100%&#8220; max_width_phone=&#8220;&#8220; max_width_last_edited=&#8220;on|desktop&#8220; module_alignment=&#8220;center&#8220; text_font_size_tablet=&#8220;18px&#8220; text_font_size_phone=&#8220;16px&#8220; text_font_size_last_edited=&#8220;on|phone&#8220; global_colors_info=&#8220;{}&#8220;]<\/p>\n<h2>Onboarding-Programm<\/h2>\n<p>Innerhalb der ersten Wochen und Monate durchlaufen Sie interne Schulungen und erhalten Einblick in die verschiedensten Abteilungen. Dokumente zum Selbststudium runden das Programm ab.<\/p>\n<p>&nbsp;<\/p>\n<p>[\/et_pb_text][et_pb_text _builder_version=&#8220;4.4.0&#8243; text_font=&#8220;|300|||||||&#8220; max_width_tablet=&#8220;100%&#8220; max_width_phone=&#8220;&#8220; max_width_last_edited=&#8220;on|desktop&#8220; module_alignment=&#8220;center&#8220; text_font_size_tablet=&#8220;18px&#8220; text_font_size_phone=&#8220;16px&#8220; text_font_size_last_edited=&#8220;on|phone&#8220; global_colors_info=&#8220;{}&#8220;]<\/p>\n<h2>Halbzeitgespr\u00e4ch<\/h2>\n<p>Nach ca. 70 Tagen findet ein vertrauliches Gespr\u00e4ch mit unseren HR-Ansprechpartnern statt. Wir wollen kl\u00e4ren, ob wir alles halten konnten, was wir versprochen haben, ob und inwiefern wir Sie noch unterst\u00fctzen k\u00f6nnen und geben unsererseits Feedback.<\/p>\n<p>&nbsp;<\/p>\n<p>[\/et_pb_text][et_pb_text _builder_version=&#8220;4.4.0&#8243; text_font=&#8220;|300|||||||&#8220; max_width_tablet=&#8220;100%&#8220; max_width_phone=&#8220;&#8220; max_width_last_edited=&#8220;on|desktop&#8220; module_alignment=&#8220;center&#8220; text_font_size_tablet=&#8220;18px&#8220; text_font_size_phone=&#8220;16px&#8220; text_font_size_last_edited=&#8220;on|phone&#8220; global_colors_info=&#8220;{}&#8220;]<\/p>\n<h2>Individuelle Coachings \/ Betreuung durch Paten<\/h2>\n<p>Gemeinsam mit Ihrem Paten, der die ersten 6 Monate ihr Ansprechpartner sein wird, werden Sie unsere Kultur kennenlernen und die ersten Schritte im Arbeitsalltag tun.<\/p>\n<p>&nbsp;<\/p>\n<p>[\/et_pb_text][et_pb_text _builder_version=&#8220;3.29.3&#8243; text_font=&#8220;|300|||||||&#8220; max_width_tablet=&#8220;100%&#8220; max_width_phone=&#8220;&#8220; max_width_last_edited=&#8220;on|desktop&#8220; module_alignment=&#8220;center&#8220; text_font_size_tablet=&#8220;18px&#8220; text_font_size_phone=&#8220;16px&#8220; text_font_size_last_edited=&#8220;on|phone&#8220; global_colors_info=&#8220;{}&#8220;]<\/p>\n<h2>Feedbackkultur<\/h2>\n<p>Bei uns wird Feedback gro\u00dfgeschrieben. Aus diesem Grund freuen wir uns \u00fcber Ihre Anmerkungen zu unserem Arbeitsalltag. Ihr Vorgesetzter und Ihr Pate werden Ihnen ebenfalls Feedback zu Ihrer Arbeit geben.<\/p>\n<p>[\/et_pb_text][\/et_pb_column][\/et_pb_row][\/et_pb_section]<\/p>\n","protected":false},"excerpt":{"rendered":"<p>Ab Ihrem ersten Tag bei uns, begleiten wir Sie mit einem durchdachten und strukturierten Onboarding-Programm und mit pers\u00f6nlichem Mentoring. &nbsp;Damit der Einstieg funktioniert: &nbsp; Welcome-Day Neue Mitarbeiter*innen werden zuerst von unseren Kolleginnen aus dem HR-Bereich pers\u00f6nlich begr\u00fc\u00dft. Dabei wird der Einarbeitungsplan gemeinsam besprochen. Mit dem neuen Vorgesetzten folgt ein Rundgang durch unsere R\u00e4ume \u2013 die [&hellip;]<\/p>\n","protected":false},"author":9,"featured_media":0,"parent":1032,"menu_order":0,"comment_status":"closed","ping_status":"closed","template":"","meta":{"_et_pb_use_builder":"on","_et_pb_old_content":"","_et_gb_content_width":"","footnotes":""},"aufgabenbereich":[],"class_list":["post-1040","page","type-page","status-publish","hentry"],"_links":{"self":[{"href":"https:\/\/www.ndieurope.com\/de\/wp-json\/wp\/v2\/pages\/1040","targetHints":{"allow":["GET"]}}],"collection":[{"href":"https:\/\/www.ndieurope.com\/de\/wp-json\/wp\/v2\/pages"}],"about":[{"href":"https:\/\/www.ndieurope.com\/de\/wp-json\/wp\/v2\/types\/page"}],"author":[{"embeddable":true,"href":"https:\/\/www.ndieurope.com\/de\/wp-json\/wp\/v2\/users\/9"}],"replies":[{"embeddable":true,"href":"https:\/\/www.ndieurope.com\/de\/wp-json\/wp\/v2\/comments?post=1040"}],"version-history":[{"count":0,"href":"https:\/\/www.ndieurope.com\/de\/wp-json\/wp\/v2\/pages\/1040\/revisions"}],"up":[{"embeddable":true,"href":"https:\/\/www.ndieurope.com\/de\/wp-json\/wp\/v2\/pages\/1032"}],"wp:attachment":[{"href":"https:\/\/www.ndieurope.com\/de\/wp-json\/wp\/v2\/media?parent=1040"}],"wp:term":[{"taxonomy":"aufgabenbereich","embeddable":true,"href":"https:\/\/www.ndieurope.com\/de\/wp-json\/wp\/v2\/aufgabenbereich?post=1040"}],"curies":[{"name":"wp","href":"https:\/\/api.w.org\/{rel}","templated":true}]}}