{"id":1034,"date":"2019-03-21T16:29:53","date_gmt":"2019-03-21T15:29:53","guid":{"rendered":"https:\/\/www.ndieurope.com\/?page_id=1034"},"modified":"2026-03-27T08:48:03","modified_gmt":"2026-03-27T07:48:03","slug":"stellenangebote","status":"publish","type":"page","link":"https:\/\/www.ndieurope.com\/de\/karriere\/stellenangebote\/","title":{"rendered":"Stellenangebote"},"content":{"rendered":"<p>[et_pb_section fb_built=&#8220;1&#8243; fullwidth=&#8220;on&#8220; admin_label=&#8220;Slider&#8220; _builder_version=&#8220;4.16&#8243; background_color=&#8220;#f2f1f1&#8243; locked=&#8220;off&#8220; collapsed=&#8220;on&#8220; global_colors_info=&#8220;{}&#8220;][et_pb_fullwidth_slider show_pagination=&#8220;off&#8220; admin_label=&#8220;Vollbreiter Slider&#8220; module_class=&#8220;ds-fw-slider&#8220; _builder_version=&#8220;4.16&#8243; header_text_color=&#8220;#636362&#8243; header_font_size=&#8220;36px&#8220; header_line_height=&#8220;1.6em&#8220; background_position=&#8220;top_left&#8220; custom_padding=&#8220;|||&#8220; global_colors_info=&#8220;{}&#8220; button_text_size__hover_enabled=&#8220;off&#8220; button_text_size__hover=&#8220;null&#8220; button_one_text_size__hover_enabled=&#8220;off&#8220; button_one_text_size__hover=&#8220;null&#8220; button_two_text_size__hover_enabled=&#8220;off&#8220; button_two_text_size__hover=&#8220;null&#8220; button_text_color__hover_enabled=&#8220;off&#8220; button_text_color__hover=&#8220;null&#8220; button_one_text_color__hover_enabled=&#8220;off&#8220; button_one_text_color__hover=&#8220;null&#8220; button_two_text_color__hover_enabled=&#8220;off&#8220; button_two_text_color__hover=&#8220;null&#8220; button_border_width__hover_enabled=&#8220;off&#8220; button_border_width__hover=&#8220;null&#8220; button_one_border_width__hover_enabled=&#8220;off&#8220; button_one_border_width__hover=&#8220;null&#8220; button_two_border_width__hover_enabled=&#8220;off&#8220; button_two_border_width__hover=&#8220;null&#8220; button_border_color__hover_enabled=&#8220;off&#8220; button_border_color__hover=&#8220;null&#8220; button_one_border_color__hover_enabled=&#8220;off&#8220; button_one_border_color__hover=&#8220;null&#8220; button_two_border_color__hover_enabled=&#8220;off&#8220; button_two_border_color__hover=&#8220;null&#8220; button_border_radius__hover_enabled=&#8220;off&#8220; button_border_radius__hover=&#8220;null&#8220; button_one_border_radius__hover_enabled=&#8220;off&#8220; button_one_border_radius__hover=&#8220;null&#8220; button_two_border_radius__hover_enabled=&#8220;off&#8220; button_two_border_radius__hover=&#8220;null&#8220; button_letter_spacing__hover_enabled=&#8220;on&#8220; button_letter_spacing__hover=&#8220;0&#8243; button_one_letter_spacing__hover_enabled=&#8220;off&#8220; button_one_letter_spacing__hover=&#8220;null&#8220; button_two_letter_spacing__hover_enabled=&#8220;off&#8220; button_two_letter_spacing__hover=&#8220;null&#8220; button_bg_color__hover_enabled=&#8220;off&#8220; button_bg_color__hover=&#8220;null&#8220; button_one_bg_color__hover_enabled=&#8220;off&#8220; button_one_bg_color__hover=&#8220;null&#8220; button_two_bg_color__hover_enabled=&#8220;off&#8220; button_two_bg_color__hover=&#8220;null&#8220;][et_pb_slide heading=&#8220;Stellenangebote&#8220; use_bg_overlay=&#8220;off&#8220; use_text_overlay=&#8220;on&#8220; text_overlay_color=&#8220;rgba(255,255,255,0.8)&#8220; text_border_radius=&#8220;0px&#8220; _builder_version=&#8220;4.16&#8243; header_level=&#8220;h1&#8243; header_font_size=&#8220;30&#8243; body_font=&#8220;||||&#8220; background_color=&#8220;#f2f1f1&#8243; background_image=&#8220;https:\/\/www.ndieurope.com\/wp-content\/uploads\/2019\/10\/Teamplayer_NDI_haende_02.jpg&#8220; background_enable_image=&#8220;on&#8220; custom_button=&#8220;on&#8220; button_text_size=&#8220;18&#8243; button_text_color=&#8220;#ffffff&#8220; button_bg_color=&#8220;#004f8b&#8220; button_border_width=&#8220;0&#8243; button_border_color=&#8220;#004f8b&#8220; button_use_icon=&#8220;on&#8220; button_on_hover=&#8220;on&#8220; text_orientation=&#8220;left&#8220; header_font_size_tablet=&#8220;26&#8243; header_font_size_phone=&#8220;22&#8243; header_font_size_last_edited=&#8220;on|phone&#8220; button_text_size_tablet=&#8220;16&#8243; button_text_size_phone=&#8220;14&#8243; button_text_size_last_edited=&#8220;on|phone&#8220; global_colors_info=&#8220;{}&#8220; sticky_transition=&#8220;on&#8220;][\/et_pb_slide][\/et_pb_fullwidth_slider][\/et_pb_section][et_pb_section fb_built=&#8220;1&#8243; custom_padding_last_edited=&#8220;on|tablet&#8220; _builder_version=&#8220;4.16&#8243; background_color=&#8220;#f2f1f1&#8243; custom_padding=&#8220;80px||80px||true|false&#8220; custom_padding_tablet=&#8220;40px||40px||true|false&#8220; custom_padding_phone=&#8220;&#8220; locked=&#8220;off&#8220; collapsed=&#8220;on&#8220; global_colors_info=&#8220;{}&#8220;][et_pb_row _builder_version=&#8220;4.16&#8243; width_tablet=&#8220;&#8220; width_phone=&#8220;&#8220; width_last_edited=&#8220;on|desktop&#8220; global_colors_info=&#8220;{}&#8220;][et_pb_column type=&#8220;4_4&#8243; _builder_version=&#8220;4.16&#8243; global_colors_info=&#8220;{}&#8220;][et_pb_text _builder_version=&#8220;4.16&#8243; text_font=&#8220;|300|||||||&#8220; max_width_tablet=&#8220;100%&#8220; max_width_phone=&#8220;&#8220; max_width_last_edited=&#8220;on|desktop&#8220; module_alignment=&#8220;center&#8220; text_font_size_tablet=&#8220;18px&#8220; text_font_size_phone=&#8220;16px&#8220; text_font_size_last_edited=&#8220;on|phone&#8220; global_colors_info=&#8220;{}&#8220;]<\/p>\n<h2>Gehen Sie mit uns in Ihre Zukunft<\/h2>\n<p>Mit unserer innovativen 3D-Positionsmesstechnik ist NDI ein verl\u00e4sslicher Partner f\u00fcr unsere weltweiten Kunden. Auch gegen\u00fcber unseren Mitarbeiter*innen f\u00fchlen wir uns partnerschaftlich verpflichtet.\u00a0 Als Teil der NDI-Familie ist man ma\u00dfgeblich an der Gestaltung und am Wachstum des Unternehmens beteiligt. In diesem Zusammenhang stehen die Rahmenbedingungen f\u00fcr unser Miteinander fest: Respekt und Vertrauen. Offene Kommunikation, Zuverl\u00e4ssigkeit und Verantwortungsbewusstsein sind uns sehr wichtig \u2013 wir bieten ein abwechslungsreiches Arbeitsfeld in einer modernen Arbeitsumgebung mit interessanten Perspektiven.<\/p>\n<p>War nichts Passendes f\u00fcr Sie dabei? Suchen sie ein Praktikum oder einen Partner f\u00fcr Ihre Abschlussarbeit? Dann freuen wir uns auf Ihre Initiativbewerbung \u2013 am besten per E-Mail an <a href=\"mailto:careers@ndieurope.com\">careers@ndieurope.com<\/a>\u200b<\/p>\n<p>[\/et_pb_text][\/et_pb_column][\/et_pb_row][\/et_pb_section][et_pb_section fb_built=&#8220;1&#8243; _builder_version=&#8220;4.16&#8243; locked=&#8220;off&#8220; collapsed=&#8220;off&#8220; global_colors_info=&#8220;{}&#8220;][et_pb_row column_structure=&#8220;3_4,1_4&#8243; module_class=&#8220;jobs&#8220; _builder_version=&#8220;4.16&#8243; global_colors_info=&#8220;{}&#8220;][et_pb_column type=&#8220;3_4&#8243; _builder_version=&#8220;4.16&#8243; global_colors_info=&#8220;{}&#8220;][et_pb_pcm_dynamic_content title=&#8220;Offene Stellen&#8220; ul_filter_sta=&#8220;on&#8220; ul_posttype=&#8220;stellenangebot&#8220; ul_stax_stellenangebot_stellenkategorie=&#8220;on&#8220; ul_term_stellenangebot_stellenkategorie=&#8220;66&#8243; loop_layout=&#8220;2279&#8243; hide_if_no_data=&#8220;on&#8220; show_pagination=&#8220;off&#8220; posts_number=&#8220;1000&#8243; order_sort=&#8220;desc&#8220; admin_label=&#8220;PCM Dynamic Content \u00bb Offene Stellen&#8220; _builder_version=&#8220;4.27.6&#8243; hover_enabled=&#8220;0&#8243; global_colors_info=&#8220;{}&#8220; sticky_enabled=&#8220;0&#8243;][\/et_pb_pcm_dynamic_content][et_pb_pcm_dynamic_content title=&#8220;nicht mehr verf\u00fcgbar&#8220; ul_filter_sta=&#8220;on&#8220; ul_posttype=&#8220;stellenangebot&#8220; ul_stax_stellenangebot_stellenkategorie=&#8220;on&#8220; ul_term_stellenangebot_stellenkategorie=&#8220;106&#8243; loop_layout=&#8220;2279&#8243; hide_if_no_data=&#8220;on&#8220; show_pagination=&#8220;off&#8220; posts_number=&#8220;1000&#8243; order_sort=&#8220;desc&#8220; admin_label=&#8220;PCM Dynamic Content \u00bb nicht mehr verf\u00fcgbar&#8220; _builder_version=&#8220;4.27.6&#8243; hover_enabled=&#8220;0&#8243; global_colors_info=&#8220;{}&#8220; sticky_enabled=&#8220;0&#8243; disabled_on=&#8220;on|on|on&#8220; disabled=&#8220;on&#8220;][\/et_pb_pcm_dynamic_content][\/et_pb_column][et_pb_column type=&#8220;1_4&#8243; _builder_version=&#8220;4.16&#8243; background_color=&#8220;#f2f1f1&#8243; custom_padding=&#8220;20px|20px|20px|20px|false|false&#8220; global_colors_info=&#8220;{}&#8220;][et_pb_pcm_dynamic_content ul_filter_sta=&#8220;on&#8220; ul_posttype=&#8220;ansprechpartner&#8220; ul_stax_ansprechpartner_aufgabenbereich=&#8220;on&#8220; ul_term_ansprechpartner_aufgabenbereich=&#8220;71&#8243; loop_layout=&#8220;1835&#8243; show_pagination=&#8220;off&#8220; order_sort=&#8220;desc&#8220; _builder_version=&#8220;4.16&#8243; locked=&#8220;off&#8220; global_colors_info=&#8220;{}&#8220;][\/et_pb_pcm_dynamic_content][et_pb_code _builder_version=&#8220;4.16&#8243; locked=&#8220;off&#8220; global_colors_info=&#8220;{}&#8220;][PCS_SidebarDownload ausgabe=&#8217;download-link&#8216;][\/et_pb_code][et_pb_contact_form email=&#8220;careers@ndieurope.com&#8220; title=&#8220;Ihre Anfrage&#8220; custom_message=&#8220;Kontaktformular Stellenangebote||et_pb_line_break_holder||Name: %%Name%%||et_pb_line_break_holder||E-Mail Adress: %%Email%%||et_pb_line_break_holder||||et_pb_line_break_holder||%%Message%%&#8220; success_message=&#8220;Ihre Anfrage ist bei uns eingegangen, vielen Dank. Wir werden diese bearbeiten und uns schnellstm\u00f6glich bei Ihnen melden.&#8220; submit_button_text=&#8220;Absenden&#8220; _builder_version=&#8220;4.16&#8243; _unique_id=&#8220;9b827235-e6fb-4b2d-8296-2d17ce97d176&#8243; form_field_background_color=&#8220;#ffffff&#8220; title_level=&#8220;h4&#8243; title_font=&#8220;|600||on|||||&#8220; title_font_size=&#8220;16px&#8220; locked=&#8220;off&#8220; global_colors_info=&#8220;{}&#8220;][et_pb_contact_field field_id=&#8220;Name&#8220; field_title=&#8220;Name&#8220; _builder_version=&#8220;4.16&#8243; global_colors_info=&#8220;{}&#8220; button_text_size__hover_enabled=&#8220;off&#8220; button_one_text_size__hover_enabled=&#8220;off&#8220; button_two_text_size__hover_enabled=&#8220;off&#8220; button_text_color__hover_enabled=&#8220;off&#8220; button_one_text_color__hover_enabled=&#8220;off&#8220; button_two_text_color__hover_enabled=&#8220;off&#8220; button_border_width__hover_enabled=&#8220;off&#8220; button_one_border_width__hover_enabled=&#8220;off&#8220; button_two_border_width__hover_enabled=&#8220;off&#8220; button_border_color__hover_enabled=&#8220;off&#8220; button_one_border_color__hover_enabled=&#8220;off&#8220; button_two_border_color__hover_enabled=&#8220;off&#8220; button_border_radius__hover_enabled=&#8220;off&#8220; button_one_border_radius__hover_enabled=&#8220;off&#8220; button_two_border_radius__hover_enabled=&#8220;off&#8220; button_letter_spacing__hover_enabled=&#8220;off&#8220; button_one_letter_spacing__hover_enabled=&#8220;off&#8220; button_two_letter_spacing__hover_enabled=&#8220;off&#8220; button_bg_color__hover_enabled=&#8220;off&#8220; button_one_bg_color__hover_enabled=&#8220;off&#8220; button_two_bg_color__hover_enabled=&#8220;off&#8220;][\/et_pb_contact_field][et_pb_contact_field field_id=&#8220;Email&#8220; field_title=&#8220;E-Mail-Adresse&#8220; field_type=&#8220;email&#8220; _builder_version=&#8220;4.16&#8243; global_colors_info=&#8220;{}&#8220; button_text_size__hover_enabled=&#8220;off&#8220; button_one_text_size__hover_enabled=&#8220;off&#8220; button_two_text_size__hover_enabled=&#8220;off&#8220; button_text_color__hover_enabled=&#8220;off&#8220; button_one_text_color__hover_enabled=&#8220;off&#8220; button_two_text_color__hover_enabled=&#8220;off&#8220; button_border_width__hover_enabled=&#8220;off&#8220; button_one_border_width__hover_enabled=&#8220;off&#8220; button_two_border_width__hover_enabled=&#8220;off&#8220; button_border_color__hover_enabled=&#8220;off&#8220; button_one_border_color__hover_enabled=&#8220;off&#8220; button_two_border_color__hover_enabled=&#8220;off&#8220; button_border_radius__hover_enabled=&#8220;off&#8220; button_one_border_radius__hover_enabled=&#8220;off&#8220; button_two_border_radius__hover_enabled=&#8220;off&#8220; button_letter_spacing__hover_enabled=&#8220;off&#8220; button_one_letter_spacing__hover_enabled=&#8220;off&#8220; button_two_letter_spacing__hover_enabled=&#8220;off&#8220; button_bg_color__hover_enabled=&#8220;off&#8220; button_one_bg_color__hover_enabled=&#8220;off&#8220; button_two_bg_color__hover_enabled=&#8220;off&#8220;][\/et_pb_contact_field][et_pb_contact_field field_id=&#8220;Message&#8220; field_title=&#8220;Nachricht&#8220; field_type=&#8220;text&#8220; fullwidth_field=&#8220;on&#8220; _builder_version=&#8220;4.16&#8243; global_colors_info=&#8220;{}&#8220; button_text_size__hover_enabled=&#8220;off&#8220; button_one_text_size__hover_enabled=&#8220;off&#8220; button_two_text_size__hover_enabled=&#8220;off&#8220; button_text_color__hover_enabled=&#8220;off&#8220; button_one_text_color__hover_enabled=&#8220;off&#8220; button_two_text_color__hover_enabled=&#8220;off&#8220; button_border_width__hover_enabled=&#8220;off&#8220; button_one_border_width__hover_enabled=&#8220;off&#8220; button_two_border_width__hover_enabled=&#8220;off&#8220; button_border_color__hover_enabled=&#8220;off&#8220; button_one_border_color__hover_enabled=&#8220;off&#8220; button_two_border_color__hover_enabled=&#8220;off&#8220; button_border_radius__hover_enabled=&#8220;off&#8220; button_one_border_radius__hover_enabled=&#8220;off&#8220; button_two_border_radius__hover_enabled=&#8220;off&#8220; button_letter_spacing__hover_enabled=&#8220;off&#8220; button_one_letter_spacing__hover_enabled=&#8220;off&#8220; button_two_letter_spacing__hover_enabled=&#8220;off&#8220; button_bg_color__hover_enabled=&#8220;off&#8220; button_one_bg_color__hover_enabled=&#8220;off&#8220; button_two_bg_color__hover_enabled=&#8220;off&#8220;][\/et_pb_contact_field][et_pb_contact_field field_id=&#8220;Einverst\u00e4ndnis&#8220; field_title=&#8220;Einverst\u00e4ndnis&#8220; field_type=&#8220;checkbox&#8220; checkbox_options=&#8220;%91{%22value%22:%22Mit dem Absenden meiner Daten erkl\u00e4re ich mich damit einverstanden, dass diese vom Seitenbetreiber zur Kontaktaufnahme verwendet werden. Personenbezogene Daten bzw. Kontaktdaten wie E-Mail-Adressen werden selbstverst\u00e4ndlich vertraulich behandelt und nicht an Dritte weitergegeben. %22,%22checked%22:0,%22dragID%22:-1,%22link_url%22:%22\/de\/rechtliches\/datenschutzerklaerung\/%22,%22link_text%22:%22Zur Datenschutzerkl\u00e4rung%22}%93&#8243; fullwidth_field=&#8220;on&#8220; _builder_version=&#8220;4.16&#8243; global_colors_info=&#8220;{}&#8220;][\/et_pb_contact_field][\/et_pb_contact_form][et_pb_image src=&#8220;https:\/\/staging.0795.perimetrik.com\/wp-content\/uploads\/2019\/09\/zertifikate_edit2.svg&#8220; _builder_version=&#8220;4.16&#8243; locked=&#8220;off&#8220; global_colors_info=&#8220;{}&#8220;][\/et_pb_image][\/et_pb_column][\/et_pb_row][\/et_pb_section]<\/p>\n","protected":false},"excerpt":{"rendered":"<p>Gehen Sie mit uns in Ihre Zukunft Mit unserer innovativen 3D-Positionsmesstechnik ist NDI ein verl\u00e4sslicher Partner f\u00fcr unsere weltweiten Kunden. Auch gegen\u00fcber unseren Mitarbeiter*innen f\u00fchlen wir uns partnerschaftlich verpflichtet.\u00a0 Als Teil der NDI-Familie ist man ma\u00dfgeblich an der Gestaltung und am Wachstum des Unternehmens beteiligt. In diesem Zusammenhang stehen die Rahmenbedingungen f\u00fcr unser Miteinander fest: [&hellip;]<\/p>\n","protected":false},"author":9,"featured_media":0,"parent":1032,"menu_order":0,"comment_status":"closed","ping_status":"closed","template":"","meta":{"_et_pb_use_builder":"on","_et_pb_old_content":"","_et_gb_content_width":"","footnotes":""},"aufgabenbereich":[],"class_list":["post-1034","page","type-page","status-publish","hentry"],"_links":{"self":[{"href":"https:\/\/www.ndieurope.com\/de\/wp-json\/wp\/v2\/pages\/1034","targetHints":{"allow":["GET"]}}],"collection":[{"href":"https:\/\/www.ndieurope.com\/de\/wp-json\/wp\/v2\/pages"}],"about":[{"href":"https:\/\/www.ndieurope.com\/de\/wp-json\/wp\/v2\/types\/page"}],"author":[{"embeddable":true,"href":"https:\/\/www.ndieurope.com\/de\/wp-json\/wp\/v2\/users\/9"}],"replies":[{"embeddable":true,"href":"https:\/\/www.ndieurope.com\/de\/wp-json\/wp\/v2\/comments?post=1034"}],"version-history":[{"count":0,"href":"https:\/\/www.ndieurope.com\/de\/wp-json\/wp\/v2\/pages\/1034\/revisions"}],"up":[{"embeddable":true,"href":"https:\/\/www.ndieurope.com\/de\/wp-json\/wp\/v2\/pages\/1032"}],"wp:attachment":[{"href":"https:\/\/www.ndieurope.com\/de\/wp-json\/wp\/v2\/media?parent=1034"}],"wp:term":[{"taxonomy":"aufgabenbereich","embeddable":true,"href":"https:\/\/www.ndieurope.com\/de\/wp-json\/wp\/v2\/aufgabenbereich?post=1034"}],"curies":[{"name":"wp","href":"https:\/\/api.w.org\/{rel}","templated":true}]}}