{"id":1026,"date":"2019-03-21T16:28:14","date_gmt":"2019-03-21T15:28:14","guid":{"rendered":"https:\/\/www.ndieurope.com\/?page_id=1026"},"modified":"2023-08-17T11:20:15","modified_gmt":"2023-08-17T09:20:15","slug":"optische-mess-systeme","status":"publish","type":"page","link":"https:\/\/www.ndieurope.com\/de\/produkte\/optische-mess-systeme\/","title":{"rendered":"Optische Mess-Systeme"},"content":{"rendered":"<p>[et_pb_section fb_built=&#8220;1&#8243; fullwidth=&#8220;on&#8220; admin_label=&#8220;Slider&#8220; _builder_version=&#8220;4.21.0&#8243; background_color=&#8220;#f2f1f1&#8243; locked=&#8220;off&#8220; collapsed=&#8220;off&#8220; global_colors_info=&#8220;{}&#8220;][et_pb_fullwidth_slider show_pagination=&#8220;off&#8220; module_class=&#8220;ds-fw-slider&#8220; _builder_version=&#8220;4.21.0&#8243; header_text_color=&#8220;#636362&#8243; header_font_size=&#8220;36px&#8220; header_line_height=&#8220;1.6em&#8220; background_position=&#8220;top_left&#8220; custom_padding=&#8220;|||&#8220; global_colors_info=&#8220;{}&#8220; button_text_size__hover_enabled=&#8220;off&#8220; button_text_size__hover=&#8220;null&#8220; button_one_text_size__hover_enabled=&#8220;off&#8220; button_one_text_size__hover=&#8220;null&#8220; button_two_text_size__hover_enabled=&#8220;off&#8220; button_two_text_size__hover=&#8220;null&#8220; button_text_color__hover_enabled=&#8220;off&#8220; button_text_color__hover=&#8220;null&#8220; button_one_text_color__hover_enabled=&#8220;off&#8220; button_one_text_color__hover=&#8220;null&#8220; button_two_text_color__hover_enabled=&#8220;off&#8220; button_two_text_color__hover=&#8220;null&#8220; button_border_width__hover_enabled=&#8220;off&#8220; button_border_width__hover=&#8220;null&#8220; button_one_border_width__hover_enabled=&#8220;off&#8220; button_one_border_width__hover=&#8220;null&#8220; button_two_border_width__hover_enabled=&#8220;off&#8220; button_two_border_width__hover=&#8220;null&#8220; button_border_color__hover_enabled=&#8220;off&#8220; button_border_color__hover=&#8220;null&#8220; button_one_border_color__hover_enabled=&#8220;off&#8220; button_one_border_color__hover=&#8220;null&#8220; button_two_border_color__hover_enabled=&#8220;off&#8220; button_two_border_color__hover=&#8220;null&#8220; button_border_radius__hover_enabled=&#8220;off&#8220; button_border_radius__hover=&#8220;null&#8220; button_one_border_radius__hover_enabled=&#8220;off&#8220; button_one_border_radius__hover=&#8220;null&#8220; button_two_border_radius__hover_enabled=&#8220;off&#8220; button_two_border_radius__hover=&#8220;null&#8220; button_letter_spacing__hover_enabled=&#8220;on&#8220; button_letter_spacing__hover=&#8220;0&#8243; button_one_letter_spacing__hover_enabled=&#8220;off&#8220; button_one_letter_spacing__hover=&#8220;null&#8220; button_two_letter_spacing__hover_enabled=&#8220;off&#8220; button_two_letter_spacing__hover=&#8220;null&#8220; button_bg_color__hover_enabled=&#8220;off&#8220; button_bg_color__hover=&#8220;null&#8220; button_one_bg_color__hover_enabled=&#8220;off&#8220; button_one_bg_color__hover=&#8220;null&#8220; button_two_bg_color__hover_enabled=&#8220;off&#8220; button_two_bg_color__hover=&#8220;null&#8220;][et_pb_slide heading=&#8220;Optische Mess-Systeme&#8220; button_link=&#8220;#stellen-link&#8220; use_bg_overlay=&#8220;off&#8220; use_text_overlay=&#8220;on&#8220; text_overlay_color=&#8220;rgba(255,255,255,0.8)&#8220; text_border_radius=&#8220;0px&#8220; _builder_version=&#8220;4.21.0&#8243; header_level=&#8220;h1&#8243; header_font_size=&#8220;30&#8243; body_font=&#8220;|300|||||||&#8220; body_line_height=&#8220;1.4em&#8220; background_color=&#8220;#f2f1f1&#8243; background_image=&#8220;https:\/\/www.ndieurope.com\/wp-content\/uploads\/2023\/06\/Lyra-and-Vega-XT_1920_800.jpg&#8220; background_enable_image=&#8220;on&#8220; background_position=&#8220;bottom_center&#8220; custom_button=&#8220;on&#8220; button_text_size=&#8220;18&#8243; button_text_color=&#8220;#ffffff&#8220; button_bg_color=&#8220;#004f8b&#8220; button_border_width=&#8220;0&#8243; button_border_color=&#8220;#004f8b&#8220; button_use_icon=&#8220;on&#8220; button_on_hover=&#8220;on&#8220; text_orientation=&#8220;left&#8220; background_layout=&#8220;light&#8220; header_font_size_tablet=&#8220;26&#8243; header_font_size_phone=&#8220;22&#8243; header_font_size_last_edited=&#8220;on|phone&#8220; body_font_size_tablet=&#8220;18px&#8220; body_font_size_phone=&#8220;&#8220; body_font_size_last_edited=&#8220;on|tablet&#8220; button_text_size_tablet=&#8220;16&#8243; button_text_size_phone=&#8220;14&#8243; button_text_size_last_edited=&#8220;on|phone&#8220; global_colors_info=&#8220;{}&#8220; sticky_transition=&#8220;on&#8220;]<\/p>\n<p style=\"padding-bottom: 20px;\">Optische 3D-Mess-Systeme im nahen Infrarotbereich sind zuverl\u00e4ssige Positionsdatengeber. Einsetzbar in zahlreichen Bereichen, bei unseren Kunden werden sie im Medizintechnikbereich von diagnostischen bis zu chirurgischen Anwendungsgebieten eingesetzt. Entwickelt und produziert wird diese Produktfamilie in unserem Headquarter in Kanada.<\/p>\n<p>[\/et_pb_slide][\/et_pb_fullwidth_slider][\/et_pb_section][et_pb_section fb_built=&#8220;1&#8243; specialty=&#8220;on&#8220; background_color_2=&#8220;#f2f1f1&#8243; padding_top_2=&#8220;20px&#8220; padding_right_2=&#8220;20px&#8220; padding_bottom_2=&#8220;20px&#8220; padding_left_2=&#8220;20px&#8220; padding_top_bottom_link_1=&#8220;false&#8220; padding_top_bottom_link_2=&#8220;false&#8220; padding_left_right_link_1=&#8220;false&#8220; padding_left_right_link_2=&#8220;false&#8220; _builder_version=&#8220;4.16&#8243; _module_preset=&#8220;default&#8220; background_color=&#8220;#f2f1f1&#8243; custom_padding=&#8220;128px||||false|false&#8220; locked=&#8220;off&#8220; global_colors_info=&#8220;{}&#8220;][et_pb_column type=&#8220;3_4&#8243; specialty_columns=&#8220;3&#8243; _builder_version=&#8220;4.16&#8243; custom_padding=&#8220;|||&#8220; global_colors_info=&#8220;{}&#8220; custom_padding__hover=&#8220;|||&#8220;][et_pb_row_inner admin_label=&#8220;Zeile&#8220; _builder_version=&#8220;4.16&#8243; custom_padding=&#8220;0px||||false|false&#8220; collapsed=&#8220;off&#8220; global_colors_info=&#8220;{}&#8220;][et_pb_column_inner saved_specialty_column_type=&#8220;3_4&#8243; _builder_version=&#8220;4.16&#8243; global_colors_info=&#8220;{}&#8220;][et_pb_text _builder_version=&#8220;4.17.4&#8243; text_font=&#8220;|300|||||||&#8220; global_colors_info=&#8220;{}&#8220;]<\/p>\n<p>Unsere optischen Mess-Systeme sind sehr genau und werden insbesondere dann von unseren Medizintechnik-Kunden in ihre Applikationssysteme integriert, wenn der*die Chirurg*in mit rigiden Instrumenten operiert. An diesen Instrumenten sind Marker angebracht, die durch ihre Reflektion von der Kamera erkannt werden und die Position des Instruments auf einem medizinischen Bild verdeutlichen. Dadurch kann der*die Chirurg*in das Instrument in Echtzeit navigieren und zum gew\u00fcnschten Punkt vordringen. Vor allem durch seine einfache Integration ist dieses Mess-System seit Jahren am Markt etabliert und wird von zahlreichen Medizintechnikunternehmen eingesetzt.<\/p>\n<p>[\/et_pb_text][\/et_pb_column_inner][\/et_pb_row_inner][et_pb_row_inner column_structure=&#8220;1_2,1_2&#8243; _builder_version=&#8220;4.16&#8243; background_size=&#8220;initial&#8220; background_position=&#8220;top_left&#8220; background_repeat=&#8220;repeat&#8220; global_colors_info=&#8220;{}&#8220;][et_pb_column_inner type=&#8220;1_2&#8243; saved_specialty_column_type=&#8220;3_4&#8243; _builder_version=&#8220;4.16&#8243; custom_padding=&#8220;|||&#8220; global_colors_info=&#8220;{}&#8220; custom_padding__hover=&#8220;|||&#8220;][et_pb_text admin_label=&#8220;Wirkungsprinzip&#8220; _builder_version=&#8220;4.16&#8243; text_font=&#8220;|300|||||||&#8220; ul_font_size=&#8220;20px&#8220; ul_line_height=&#8220;1.4em&#8220; max_width_tablet=&#8220;100%&#8220; max_width_phone=&#8220;&#8220; max_width_last_edited=&#8220;on|desktop&#8220; text_font_size_tablet=&#8220;18px&#8220; text_font_size_phone=&#8220;16px&#8220; text_font_size_last_edited=&#8220;on|phone&#8220; ul_font_size_tablet=&#8220;18px&#8220; ul_font_size_phone=&#8220;16px&#8220; ul_font_size_last_edited=&#8220;on|phone&#8220; global_colors_info=&#8220;{}&#8220;]<\/p>\n<h3>Wirkungsprinzip<\/h3>\n<ul>\n<li>Optische Marker werden an die rigiden Objekten angebracht (3 Marker f\u00fcr r\u00e4umliche Positionsbestimmung)<\/li>\n<li>Die Kameras des 3D-Mess-Systems geben ein Messvolumen vor und nehmen innerhalb dieses Volumens die Positionen der Marker auf<\/li>\n<li>Diese Positions- und Orientierungsdaten werden an die Applikationssoftware \u00fcbertragen und von dieser entsprechend der Applikationsanforderung verarbeitet, z. B. visualisiert<\/li>\n<\/ul>\n<p>[\/et_pb_text][\/et_pb_column_inner][et_pb_column_inner type=&#8220;1_2&#8243; saved_specialty_column_type=&#8220;3_4&#8243; _builder_version=&#8220;4.16&#8243; custom_padding=&#8220;|||&#8220; global_colors_info=&#8220;{}&#8220; custom_padding__hover=&#8220;|||&#8220;][et_pb_text admin_label=&#8220;Vorteile&#8220; _builder_version=&#8220;4.21.0&#8243; text_font=&#8220;|300|||||||&#8220; ul_font_size=&#8220;20px&#8220; ul_line_height=&#8220;1.4em&#8220; max_width_tablet=&#8220;100%&#8220; max_width_phone=&#8220;&#8220; max_width_last_edited=&#8220;on|desktop&#8220; text_font_size_tablet=&#8220;18px&#8220; text_font_size_phone=&#8220;16px&#8220; text_font_size_last_edited=&#8220;on|phone&#8220; ul_font_size_tablet=&#8220;18px&#8220; ul_font_size_phone=&#8220;16px&#8220; ul_font_size_last_edited=&#8220;on|phone&#8220; global_colors_info=&#8220;{}&#8220;]<\/p>\n<h3>Vorteile<\/h3>\n<ul>\n<li>Echtzeit 3D-Messung (Position und Orientierung)<\/li>\n<li>Hohe Genauigkeit der optischen Mess-Systeme<\/li>\n<li>Gr\u00f6\u00dferes Messvolumen als bei EM<\/li>\n<li>Einfaches Set-Up in der Anwendung<\/li>\n<li>keine Strahlenbelastung durch das Mess-System, da Infrarotmesstechnik ohne Gesundheitsrisiko<\/li>\n<li>Verschiedene Produktvarianten f\u00fcr unterschiedliche Anwendungen (Video Kamera, h\u00f6here Messrate und spezifische Kamera f\u00fcr die Radiotherapie)<\/li>\n<li>Auch f\u00fcr Eingriffe, die ein kleineres Messvolumen ben\u00f6tigen, hat NDI mit der Polaris Lyra\u00ae die richtige Kamera parat. Sie kann spielend leicht im OP\/Behandlungssaal integriert werden und spendet <span class=\"rot\" data-mce-fragment=\"1\">\u00c4rzte*innen <\/span>durch ihre Genauigkeit Sicherheit.<\/li>\n<\/ul>\n<p>[\/et_pb_text][\/et_pb_column_inner][\/et_pb_row_inner][\/et_pb_column][et_pb_column type=&#8220;1_4&#8243; _builder_version=&#8220;4.16&#8243; custom_padding=&#8220;|||&#8220; global_colors_info=&#8220;{}&#8220; custom_padding__hover=&#8220;|||&#8220;][et_pb_pcm_dynamic_content ul_filter_sta=&#8220;on&#8220; ul_posttype=&#8220;ansprechpartner&#8220; ul_stax_ansprechpartner_aufgabenbereich=&#8220;on&#8220; ul_term_ansprechpartner_aufgabenbereich=&#8220;86&#8243; loop_layout=&#8220;1835&#8243; posts_number=&#8220;1&#8243; disabled_on=&#8220;off|off|off&#8220; _builder_version=&#8220;4.22.0&#8243; _module_preset=&#8220;default&#8220; hover_enabled=&#8220;0&#8243; global_colors_info=&#8220;{}&#8220; admin_label=&#8220;PCM Dynamic Content&#8220; sticky_enabled=&#8220;0&#8243;][\/et_pb_pcm_dynamic_content][\/et_pb_column][\/et_pb_section][et_pb_section fb_built=&#8220;1&#8243; custom_padding_last_edited=&#8220;on|phone&#8220; _builder_version=&#8220;4.16&#8243; custom_padding=&#8220;80px||0px||false|false&#8220; custom_padding_tablet=&#8220;40px||0px||false|false&#8220; custom_padding_phone=&#8220;&#8220; global_colors_info=&#8220;{}&#8220;][et_pb_row _builder_version=&#8220;4.16&#8243; background_size=&#8220;initial&#8220; background_position=&#8220;top_left&#8220; background_repeat=&#8220;repeat&#8220; custom_padding=&#8220;||0px||false|false&#8220; global_colors_info=&#8220;{}&#8220;][et_pb_column type=&#8220;4_4&#8243; _builder_version=&#8220;4.16&#8243; custom_padding=&#8220;|||&#8220; global_colors_info=&#8220;{}&#8220; custom_padding__hover=&#8220;|||&#8220;][et_pb_text admin_label=&#8220;Anwendungsgebiete&#8220; _builder_version=&#8220;4.16&#8243; text_font=&#8220;|300|||||||&#8220; max_width_tablet=&#8220;100%&#8220; max_width_phone=&#8220;&#8220; max_width_last_edited=&#8220;on|desktop&#8220; text_font_size_tablet=&#8220;18px&#8220; text_font_size_phone=&#8220;16px&#8220; text_font_size_last_edited=&#8220;on|phone&#8220; global_colors_info=&#8220;{}&#8220;]<\/p>\n<h2>Anwendungsgebiete unserer Kunden f\u00fcr optische Mess-Systeme<\/h2>\n<p>[\/et_pb_text][\/et_pb_column][\/et_pb_row][et_pb_row column_structure=&#8220;1_3,1_3,1_3&#8243; make_equal=&#8220;on&#8220; module_class=&#8220;applications&#8220; _builder_version=&#8220;4.16&#8243; custom_margin=&#8220;||||false|false&#8220; custom_padding=&#8220;||0px||false|false&#8220; global_colors_info=&#8220;{}&#8220;][et_pb_column type=&#8220;1_3&#8243; _builder_version=&#8220;4.16&#8243; background_color=&#8220;#f2f1f1&#8243; custom_padding=&#8220;||||false|false&#8220; global_colors_info=&#8220;{}&#8220; custom_padding__hover=&#8220;|||&#8220;][et_pb_blurb title=&#8220;Neurochirurgie&#8220; image=&#8220;https:\/\/www.ndieurope.com\/wp-content\/uploads\/2019\/09\/Neurochirurgie.jpg&#8220; alt=&#8220;Neurochirurgie&#8220; content_max_width=&#8220;100%&#8220; admin_label=&#8220;Neurochirurgie&#8220; _builder_version=&#8220;4.16&#8243; header_level=&#8220;h3&#8243; body_font=&#8220;|300|||||||&#8220; custom_margin=&#8220;||||false|false&#8220; animation=&#8220;off&#8220; header_font_size_tablet=&#8220;20px&#8220; header_font_size_phone=&#8220;18px&#8220; header_font_size_last_edited=&#8220;on|phone&#8220; global_colors_info=&#8220;{}&#8220;]<\/p>\n<p>Schonend und schnell zum Tumor vordringen: durch die Positionsbestimmung von neurochirurgischen Tools in Bezug auf pr\u00e4operative Bilder des Gehirns.<\/p>\n<p>[\/et_pb_blurb][\/et_pb_column][et_pb_column type=&#8220;1_3&#8243; _builder_version=&#8220;4.16&#8243; background_color=&#8220;#f2f1f1&#8243; custom_padding=&#8220;||||false|false&#8220; global_colors_info=&#8220;{}&#8220; custom_padding__hover=&#8220;|||&#8220;][et_pb_blurb title=&#8220;Orthop\u00e4die&#8220; image=&#8220;https:\/\/www.ndieurope.com\/wp-content\/uploads\/2019\/09\/Orthopaedie.jpg&#8220; alt=&#8220;Orthop\u00e4die&#8220; content_max_width=&#8220;100%&#8220; admin_label=&#8220;Orthop\u00e4die&#8220; _builder_version=&#8220;4.16&#8243; header_level=&#8220;h3&#8243; body_font=&#8220;|300|||||||&#8220; custom_margin=&#8220;||||false|false&#8220; animation=&#8220;off&#8220; header_font_size_tablet=&#8220;20px&#8220; header_font_size_phone=&#8220;18px&#8220; header_font_size_last_edited=&#8220;on|phone&#8220; global_colors_info=&#8220;{}&#8220;]<\/p>\n<p>Den bestm\u00f6glichen Prothesensitz erreichen: durch die Positionsbestimmung von orthop\u00e4dischen Tools inklusive Roboterarm in der Knieendoprothetik.<\/p>\n<p>[\/et_pb_blurb][\/et_pb_column][et_pb_column type=&#8220;1_3&#8243; _builder_version=&#8220;4.16&#8243; background_color=&#8220;#f2f1f1&#8243; custom_padding=&#8220;|||&#8220; global_colors_info=&#8220;{}&#8220; custom_padding__hover=&#8220;|||&#8220;][et_pb_blurb title=&#8220;Wirbels\u00e4ulen Chirurgie&#8220; image=&#8220;https:\/\/www.ndieurope.com\/wp-content\/uploads\/2019\/09\/Chirurgie.jpg&#8220; content_max_width=&#8220;100%&#8220; admin_label=&#8220;Wirbels\u00e4ulen Chirurgie&#8220; _builder_version=&#8220;4.16&#8243; header_level=&#8220;h3&#8243; body_font=&#8220;|300|||||||&#8220; custom_margin=&#8220;||||false|false&#8220; animation=&#8220;off&#8220; header_font_size_tablet=&#8220;20px&#8220; header_font_size_phone=&#8220;18px&#8220; header_font_size_last_edited=&#8220;on|phone&#8220; global_colors_info=&#8220;{}&#8220;]<\/p>\n<p>Wirbels\u00e4ulenimplantate sicher einsetzen: dank Positionsbestimmung von chirurgischen Tools.<\/p>\n<p>[\/et_pb_blurb][\/et_pb_column][\/et_pb_row][et_pb_row column_structure=&#8220;1_3,1_3,1_3&#8243; make_equal=&#8220;on&#8220; module_class=&#8220;applications&#8220; _builder_version=&#8220;4.16&#8243; global_colors_info=&#8220;{}&#8220;][et_pb_column type=&#8220;1_3&#8243; _builder_version=&#8220;4.16&#8243; background_color=&#8220;#f2f1f1&#8243; custom_padding=&#8220;|||&#8220; global_colors_info=&#8220;{}&#8220; custom_padding__hover=&#8220;|||&#8220;][et_pb_blurb title=&#8220;Radiotherapie&#8220; image=&#8220;https:\/\/www.ndieurope.com\/wp-content\/uploads\/2019\/09\/Radiotherapie.jpg&#8220; content_max_width=&#8220;100%&#8220; admin_label=&#8220;Radiotherapie&#8220; _builder_version=&#8220;4.16&#8243; header_level=&#8220;h3&#8243; body_font=&#8220;|300|||||||&#8220; custom_margin=&#8220;||||false|false&#8220; animation=&#8220;off&#8220; header_font_size_tablet=&#8220;20px&#8220; header_font_size_phone=&#8220;18px&#8220; header_font_size_last_edited=&#8220;on|phone&#8220; global_colors_info=&#8220;{}&#8220;]<\/p>\n<p>Sch\u00e4digungen am gesunden Gewebe w\u00e4hrend einer Bestrahlung vermeiden: dank Vorpositionierung des Patienten im Linearbeschleuniger sowie Detektion seiner Bewegungen.<\/p>\n<p>[\/et_pb_blurb][\/et_pb_column][et_pb_column type=&#8220;1_3&#8243; _builder_version=&#8220;4.16&#8243; background_color=&#8220;#f2f1f1&#8243; custom_padding=&#8220;|||&#8220; global_colors_info=&#8220;{}&#8220; custom_padding__hover=&#8220;|||&#8220;][et_pb_blurb title=&#8220;Transkranielle Magnetstimulation&#8220; image=&#8220;https:\/\/www.ndieurope.com\/wp-content\/uploads\/2020\/06\/Magnetstimulation.jpg&#8220; content_max_width=&#8220;100%&#8220; admin_label=&#8220;Transkranielle Magnetstimulation &#8220; _builder_version=&#8220;4.16&#8243; header_level=&#8220;h3&#8243; body_font=&#8220;|300|||||||&#8220; custom_margin=&#8220;||||false|false&#8220; animation=&#8220;off&#8220; header_font_size_tablet=&#8220;20px&#8220; header_font_size_phone=&#8220;18px&#8220; header_font_size_last_edited=&#8220;on|phone&#8220; global_colors_info=&#8220;{}&#8220;]<\/p>\n<p>Transkranielle Magnetstimulation noch wirkungsvoller: durch die Navigation der Magnetspule in Anwendungen wie z. B. der Depressionsbehandlung werden bessere Ergebnisse erzielt.<\/p>\n<p>[\/et_pb_blurb][\/et_pb_column][et_pb_column type=&#8220;1_3&#8243; _builder_version=&#8220;4.16&#8243; background_color=&#8220;#f2f1f1&#8243; custom_padding=&#8220;|||&#8220; global_colors_info=&#8220;{}&#8220; custom_padding__hover=&#8220;|||&#8220;][et_pb_blurb title=&#8220;Robotik&#8220; image=&#8220;https:\/\/www.ndieurope.com\/wp-content\/uploads\/2020\/06\/Robotik.jpg&#8220; content_max_width=&#8220;100%&#8220; admin_label=&#8220;Robotik&#8220; _builder_version=&#8220;4.16&#8243; header_level=&#8220;h3&#8243; body_font=&#8220;|300|||||||&#8220; custom_margin=&#8220;||||false|false&#8220; animation=&#8220;off&#8220; header_font_size_tablet=&#8220;20px&#8220; header_font_size_phone=&#8220;18px&#8220; header_font_size_last_edited=&#8220;on|phone&#8220; global_colors_info=&#8220;{}&#8220;]<\/p>\n<p>Roboterassistierte Chirurgie verbessern: durch das Polaris Vega\u00ae XT System mit einer deutlich h\u00f6heren Messrate und einer herausragenden Genauigkeit werden Implantate anatomiegerecht eingesetzt wodurch die Lebensdauer dieser erh\u00f6ht wird.<\/p>\n<p>[\/et_pb_blurb][\/et_pb_column][\/et_pb_row][\/et_pb_section][et_pb_section fb_built=&#8220;1&#8243; _builder_version=&#8220;4.16&#8243; global_colors_info=&#8220;{}&#8220;][et_pb_row _builder_version=&#8220;4.16&#8243; custom_padding=&#8220;0px||||false|false&#8220; global_colors_info=&#8220;{}&#8220;][et_pb_column type=&#8220;4_4&#8243; _builder_version=&#8220;4.16&#8243; global_colors_info=&#8220;{}&#8220;][et_pb_code _builder_version=&#8220;4.16&#8243; global_colors_info=&#8220;{}&#8220;]<h2 id=\"tablepress-2-name\" class=\"tablepress-table-name tablepress-table-name-id-2\">Polaris Vega\u00ae ST, VT, XT und Polaris Lyra\u00ae im Vergleich<\/h2>\n\n<table id=\"tablepress-2\" class=\"tablepress tablepress-id-2 mess-systeme\" aria-labelledby=\"tablepress-2-name\">\n<thead>\n<tr class=\"row-1\">\n\t<th class=\"column-1\"><b>Produkte im Vergleich<\/b><\/th><th class=\"column-2\"><b>Polaris Vega\u00ae ST<\/b><\/th><th class=\"column-3\"><b>Polaris Vega\u00ae VT<\/b><\/th><th class=\"column-4\"><b>Polaris Vega\u00ae XT<\/b><\/th><th class=\"column-5\"><b>Polaris Lyra\u00ae<\/b><\/th>\n<\/tr>\n<\/thead>\n<tbody class=\"row-striping row-hover\">\n<tr class=\"row-2\">\n\t<td class=\"column-1\"><b>Produkt Bild<\/b><\/td><td class=\"column-2\"><img decoding=\"async\" src=\"https:\/\/www.ndieurope.com\/wp-content\/uploads\/2023\/06\/VegaST_web-1.jpg\" alt=\"\" width=\"248\" height=\"67,5\" class=\"alignnone size-full wp-image-5824\" \/><\/td><td class=\"column-3\"><img decoding=\"async\" src=\"https:\/\/www.ndieurope.com\/wp-content\/uploads\/2023\/06\/VegaVT_web-1.jpg\" alt=\"\" width=\"248\" height=\"67,5\" class=\"alignnone size-full wp-image-5826\" \/><\/td><td class=\"column-4\"><img decoding=\"async\" src=\"https:\/\/www.ndieurope.com\/wp-content\/uploads\/2023\/06\/VegaXT_web-1.jpg\" alt=\"\" width=\"248\" height=\"67,5\" class=\"alignnone size-full wp-image-5826\" \/><\/td><td class=\"column-5\"><img decoding=\"async\" src=\"https:\/\/www.ndieurope.com\/wp-content\/uploads\/2023\/06\/Lyra_web-1.jpg\" alt=\"\" width=\"248\" height=\"67,5\" class=\"alignnone size-full wp-image-5826\" \/><\/td>\n<\/tr>\n<tr class=\"row-3\">\n\t<td class=\"column-1\"><b>Max. Messrate<\/b><\/td><td class=\"column-2\">20, 30, 60 Hz<\/td><td class=\"column-3\">20, 30, 60 Hz<\/td><td class=\"column-4\">bis zu 400 Hz<\/td><td class=\"column-5\">bis zu 125 Hz<\/td>\n<\/tr>\n<tr class=\"row-4\">\n\t<td class=\"column-1\"><b>Durchschnittliche Latenzzeit<\/b><\/td><td class=\"column-2\"><17 ms (typisch) bei 60 Hz<\/td><td class=\"column-3\"><17 ms (typisch) bei 60 Hz<\/td><td class=\"column-4\"><3 ms (typisch) bei 60 Hz<\/td><td class=\"column-5\"><5 ms (typisch)  bei 125 Hz<br \/>\n<8 ms (typisch) bei 60 Hz<\/td>\n<\/tr>\n<tr class=\"row-5\">\n\t<td class=\"column-1\"><b>Messvolumen<\/b><\/td><td class=\"column-2\">Pyramide \/ Erweiterte Pyramide (optional)<\/td><td class=\"column-3\">Pyramide \/ Erweiterte Pyramide (optional)<\/td><td class=\"column-4\">Pyramide \/ Erweiterte Pyramide (optional)<\/td><td class=\"column-5\">Pyramide \/ Erweiterte Pyramide (optional)<\/td>\n<\/tr>\n<tr class=\"row-6\">\n\t<td class=\"column-1\"><b>Max. Messvolumen <br \/>\nTiefe<\/b><\/td><td class=\"column-2\">3 m<\/td><td class=\"column-3\">3 m<\/td><td class=\"column-4\">3 m<\/td><td class=\"column-5\">1,8 m<\/td>\n<\/tr>\n<tr class=\"row-7\">\n\t<td class=\"column-1\"><b>Volumetrische Genauigkeit RMS<\/b><\/td><td class=\"column-2\">Pyramide: 0,12 mm<br \/>\nErweiterte Pyramide: 0,15 mm<\/td><td class=\"column-3\">Pyramide: 0,12 mm<br \/>\nErweiterte Pyramide: 0,15 mm<\/td><td class=\"column-4\">Pyramide: 0,12 mm<br \/>\nErweiterte Pyramide: 0,15 mm<\/td><td class=\"column-5\">Pyramide: 0,20 mm<br \/>\nErweiterte Pyramide: 0,25 mm<\/td>\n<\/tr>\n<\/tbody>\n<\/table>\n[\/et_pb_code][\/et_pb_column][\/et_pb_row][et_pb_row column_structure=&#8220;1_2,1_2&#8243; _builder_version=&#8220;4.16&#8243; custom_padding=&#8220;0px||||false|false&#8220; global_colors_info=&#8220;{}&#8220;][et_pb_column type=&#8220;1_2&#8243; _builder_version=&#8220;4.16&#8243; global_colors_info=&#8220;{}&#8220;][et_pb_button button_url=&#8220;@ET-DC@eyJkeW5hbWljIjp0cnVlLCJjb250ZW50IjoicG9zdF9saW5rX3VybF9hdHRhY2htZW50Iiwic2V0dGluZ3MiOnsicG9zdF9pZCI6IjkzOTAifX0=@&#8220; button_text=&#8220;Download Polaris&#8220; button_alignment=&#8220;center&#8220; admin_label=&#8220;Download Polaris&#8220; _builder_version=&#8220;4.19.5&#8243; _dynamic_attributes=&#8220;button_url&#8220; custom_margin=&#8220;||||false|false&#8220; global_colors_info=&#8220;{}&#8220;][\/et_pb_button][\/et_pb_column][et_pb_column type=&#8220;1_2&#8243; _builder_version=&#8220;4.16&#8243; global_colors_info=&#8220;{}&#8220;][et_pb_button button_alignment=&#8220;center&#8220; admin_label=&#8220;Download&#8220; _builder_version=&#8220;4.19.5&#8243; locked=&#8220;off&#8220; global_colors_info=&#8220;{}&#8220;][\/et_pb_button][\/et_pb_column][\/et_pb_row][et_pb_row _builder_version=&#8220;4.16&#8243; collapsed=&#8220;off&#8220; global_colors_info=&#8220;{}&#8220;][et_pb_column type=&#8220;4_4&#8243; _builder_version=&#8220;4.16&#8243; global_colors_info=&#8220;{}&#8220;][et_pb_text _builder_version=&#8220;4.19.5&#8243; text_font=&#8220;|300|||||||&#8220; max_width_tablet=&#8220;100%&#8220; max_width_phone=&#8220;&#8220; max_width_last_edited=&#8220;on|desktop&#8220; text_font_size_tablet=&#8220;18px&#8220; text_font_size_phone=&#8220;16px&#8220; text_font_size_last_edited=&#8220;on|phone&#8220; global_colors_info=&#8220;{}&#8220;]<\/p>\n<p>F\u00fcr weitere Informationen besuchen Sie bitte die Webseite unseres Headquarters<br \/><a href=\"https:\/\/www.ndigital.com\/optical-measurement-technology\/\" target=\"_blank\" rel=\"noopener noreferrer\">Northern Digital Inc. \u2192<\/a><\/p>\n<p>[\/et_pb_text][\/et_pb_column][\/et_pb_row][\/et_pb_section]<\/p>\n","protected":false},"excerpt":{"rendered":"<p>Optische 3D-Mess-Systeme im nahen Infrarotbereich sind zuverl\u00e4ssige Positionsdatengeber. Einsetzbar in zahlreichen Bereichen, bei unseren Kunden werden sie im Medizintechnikbereich von diagnostischen bis zu chirurgischen Anwendungsgebieten eingesetzt. Entwickelt und produziert wird diese Produktfamilie in unserem Headquarter in Kanada.Unsere optischen Mess-Systeme sind sehr genau und werden insbesondere dann von unseren Medizintechnik-Kunden in ihre Applikationssysteme integriert, wenn der*die [&hellip;]<\/p>\n","protected":false},"author":9,"featured_media":0,"parent":1020,"menu_order":0,"comment_status":"closed","ping_status":"closed","template":"","meta":{"_et_pb_use_builder":"on","_et_pb_old_content":"","_et_gb_content_width":"","footnotes":""},"aufgabenbereich":[86],"class_list":["post-1026","page","type-page","status-publish","hentry","aufgabenbereich-produkte"],"_links":{"self":[{"href":"https:\/\/www.ndieurope.com\/de\/wp-json\/wp\/v2\/pages\/1026","targetHints":{"allow":["GET"]}}],"collection":[{"href":"https:\/\/www.ndieurope.com\/de\/wp-json\/wp\/v2\/pages"}],"about":[{"href":"https:\/\/www.ndieurope.com\/de\/wp-json\/wp\/v2\/types\/page"}],"author":[{"embeddable":true,"href":"https:\/\/www.ndieurope.com\/de\/wp-json\/wp\/v2\/users\/9"}],"replies":[{"embeddable":true,"href":"https:\/\/www.ndieurope.com\/de\/wp-json\/wp\/v2\/comments?post=1026"}],"version-history":[{"count":0,"href":"https:\/\/www.ndieurope.com\/de\/wp-json\/wp\/v2\/pages\/1026\/revisions"}],"up":[{"embeddable":true,"href":"https:\/\/www.ndieurope.com\/de\/wp-json\/wp\/v2\/pages\/1020"}],"wp:attachment":[{"href":"https:\/\/www.ndieurope.com\/de\/wp-json\/wp\/v2\/media?parent=1026"}],"wp:term":[{"taxonomy":"aufgabenbereich","embeddable":true,"href":"https:\/\/www.ndieurope.com\/de\/wp-json\/wp\/v2\/aufgabenbereich?post=1026"}],"curies":[{"name":"wp","href":"https:\/\/api.w.org\/{rel}","templated":true}]}}